{"id":22847,"date":"2023-09-27T15:56:31","date_gmt":"2023-09-27T12:56:31","guid":{"rendered":"https:\/\/addressinestonia.com\/kontakt\/"},"modified":"2025-03-17T16:20:27","modified_gmt":"2025-03-17T14:20:27","slug":"kontakt","status":"publish","type":"page","link":"https:\/\/addressinestonia.com\/et\/kontakt\/","title":{"rendered":"Kontakt"},"content":{"rendered":"\t\t<div data-elementor-type=\"wp-page\" data-elementor-id=\"22847\" class=\"elementor elementor-22847 elementor-97\">\n\t\t\t\t<div class=\"elementor-element elementor-element-7813cc0b e-flex e-con-boxed e-con e-parent\" data-id=\"7813cc0b\" data-element_type=\"container\" data-e-type=\"container\" data-settings=\"{&quot;background_background&quot;:&quot;classic&quot;,&quot;shape_divider_bottom&quot;:&quot;curve&quot;,&quot;shape_divider_bottom_negative&quot;:&quot;yes&quot;}\">\n\t\t\t\t\t<div class=\"e-con-inner\">\n\t\t\t\t<div class=\"elementor-shape elementor-shape-bottom\" aria-hidden=\"true\" data-negative=\"true\">\n\t\t\t<svg xmlns=\"http:\/\/www.w3.org\/2000\/svg\" viewBox=\"0 0 1000 100\" preserveAspectRatio=\"none\">\n\t<path class=\"elementor-shape-fill\" d=\"M500,97C126.7,96.3,0.8,19.8,0,0v100l1000,0V1C1000,19.4,873.3,97.8,500,97z\"\/>\n<\/svg>\t\t<\/div>\n\t\t<div class=\"elementor-element elementor-element-7211158b e-con-full e-flex e-con e-child\" data-id=\"7211158b\" data-element_type=\"container\" data-e-type=\"container\">\n\t\t\t\t<div class=\"elementor-element elementor-element-6f656537 animated-fast elementor-invisible elementor-widget elementor-widget-elementskit-heading\" data-id=\"6f656537\" data-element_type=\"widget\" data-e-type=\"widget\" data-settings=\"{&quot;_animation&quot;:&quot;fadeIn&quot;,&quot;_animation_delay&quot;:100}\" data-widget_type=\"elementskit-heading.default\">\n\t\t\t\t<div class=\"elementor-widget-container\">\n\t\t\t\t\t<div class=\"ekit-wid-con\" ><div class=\"ekit-heading elementskit-section-title-wraper text_center   ekit_heading_tablet-   ekit_heading_mobile-\"><h1 class=\"ekit-heading--title elementskit-section-title \">V\u00f5ta meiega \u00fchendust<\/h1>\t\t\t\t<div class='ekit-heading__description'>\n\t\t\t\t\t<p>V\u00f5ta meiega \u00fchendust ja me vastame teie p\u00e4ringutele esimesel v\u00f5imalusel.<\/p>\n\t\t\t\t<\/div>\n\t\t\t<\/div><\/div>\t\t\t\t<\/div>\n\t\t\t\t<\/div>\n\t\t\t\t<\/div>\n\t\t\t\t\t<\/div>\n\t\t\t\t<\/div>\n\t\t<div class=\"elementor-element elementor-element-3ccf1cf4 e-flex e-con-boxed e-con e-parent\" data-id=\"3ccf1cf4\" data-element_type=\"container\" data-e-type=\"container\" data-settings=\"{&quot;background_background&quot;:&quot;gradient&quot;}\">\n\t\t\t\t\t<div class=\"e-con-inner\">\n\t\t<div class=\"elementor-element elementor-element-3e6ec96d e-con-full e-flex e-con e-child\" data-id=\"3e6ec96d\" data-element_type=\"container\" data-e-type=\"container\">\n\t\t<div class=\"elementor-element elementor-element-2be98a6f e-con-full animated-fast e-flex elementor-invisible e-con e-child\" data-id=\"2be98a6f\" data-element_type=\"container\" data-e-type=\"container\" data-settings=\"{&quot;background_background&quot;:&quot;classic&quot;,&quot;animation&quot;:&quot;fadeInUp&quot;,&quot;animation_delay&quot;:100}\">\n\t\t<div class=\"elementor-element elementor-element-3f633a6f e-con-full e-flex e-con e-child\" data-id=\"3f633a6f\" data-element_type=\"container\" data-e-type=\"container\" data-settings=\"{&quot;background_background&quot;:&quot;classic&quot;}\">\n\t\t\t\t<div class=\"elementor-element elementor-element-7f8f45be animated-fast elementor-invisible elementor-widget elementor-widget-elementskit-heading\" data-id=\"7f8f45be\" data-element_type=\"widget\" data-e-type=\"widget\" data-settings=\"{&quot;_animation&quot;:&quot;fadeIn&quot;,&quot;_animation_delay&quot;:100}\" data-widget_type=\"elementskit-heading.default\">\n\t\t\t\t<div class=\"elementor-widget-container\">\n\t\t\t\t\t<div class=\"ekit-wid-con\" ><div class=\"ekit-heading elementskit-section-title-wraper text_left   ekit_heading_tablet-   ekit_heading_mobile-\"><h6 class=\"elementskit-section-subtitle  \">\n\t\t\t\t\t\tV\u00f5tke meiega \u00fchendust\n\t\t\t\t\t<\/h6><h2 class=\"ekit-heading--title elementskit-section-title text_fill\">Kuidas me saame aidata?<\/h2>\t\t\t\t<div class='ekit-heading__description'>\n\t\t\t\t\t<p>Kas teil on k\u00fcsimus ? T\u00e4itke allolev vorm ja me v\u00f5tame teiega \u00fchendust niipea kui v\u00f5imalik.<\/p>\n\t\t\t\t<\/div>\n\t\t\t<\/div><\/div>\t\t\t\t<\/div>\n\t\t\t\t<\/div>\n\t\t\t\t<div class=\"elementor-element elementor-element-2492effa animated-fast elementor-invisible elementor-widget elementor-widget-elementskit-contact-form7\" data-id=\"2492effa\" data-element_type=\"widget\" data-e-type=\"widget\" data-settings=\"{&quot;_animation&quot;:&quot;fadeIn&quot;,&quot;_animation_delay&quot;:300}\" data-widget_type=\"elementskit-contact-form7.default\">\n\t\t\t\t<div class=\"elementor-widget-container\">\n\t\t\t\t\t<div class=\"ekit-wid-con\" ><div class=\"ekit-form\"><p class=\"wpcf7-contact-form-not-found\"><strong>Error:<\/strong> Contact form not found.<\/p><\/div><\/div>\t\t\t\t<\/div>\n\t\t\t\t<\/div>\n\t\t\t\t<\/div>\n\t\t<div class=\"elementor-element elementor-element-50d1d4d5 e-con-full e-flex e-con e-child\" data-id=\"50d1d4d5\" data-element_type=\"container\" data-e-type=\"container\" data-settings=\"{&quot;background_background&quot;:&quot;classic&quot;}\">\n\t\t\t\t<div class=\"elementor-element elementor-element-ca77c7b elementor-widget elementor-widget-text-editor\" data-id=\"ca77c7b\" data-element_type=\"widget\" data-e-type=\"widget\" data-widget_type=\"text-editor.default\">\n\t\t\t\t<div class=\"elementor-widget-container\">\n\t\t\t\t\t\t\t\t\t<h4>Dalanta O\u00dc<\/h4><p>Reg nr: 14330221<br \/>P\u00e4rnu mnt 105<br \/>11312 Tallinn<br \/>Estonia<\/p><p>Litsentsitud finantsteenuste, usaldusfondide ja -ettev\u00f5tete teenindamine, litsents FIU000248<\/p><p>E-post: <a href=\"mailto:info@addressinestonia.com\" target=\"_self\">info@addressinestonia.com<\/a><\/p><p>Helistage meile: <a href=\"tel:+37253363502\" target=\"_self\">+37253363502<\/a><\/p>\t\t\t\t\t\t\t\t<\/div>\n\t\t\t\t<\/div>\n\t\t\t\t<\/div>\n\t\t\t\t<\/div>\n\t\t\t\t<\/div>\n\t\t\t\t\t<\/div>\n\t\t\t\t<\/div>\n\t\t<div class=\"elementor-element elementor-element-5e79f0e1 e-flex e-con-boxed e-con e-parent\" data-id=\"5e79f0e1\" data-element_type=\"container\" data-e-type=\"container\" data-settings=\"{&quot;background_background&quot;:&quot;classic&quot;}\">\n\t\t\t\t\t<div class=\"e-con-inner\">\n\t\t<div class=\"elementor-element elementor-element-58024817 e-con-full e-flex e-con e-child\" data-id=\"58024817\" data-element_type=\"container\" data-e-type=\"container\">\n\t\t<div class=\"elementor-element elementor-element-334d0fd2 e-con-full e-flex e-con e-child\" data-id=\"334d0fd2\" data-element_type=\"container\" data-e-type=\"container\">\n\t\t\t\t<div class=\"elementor-element elementor-element-609f25f5 animated-fast elementor-invisible elementor-widget elementor-widget-elementskit-heading\" data-id=\"609f25f5\" data-element_type=\"widget\" data-e-type=\"widget\" data-settings=\"{&quot;_animation&quot;:&quot;fadeIn&quot;,&quot;_animation_delay&quot;:100}\" data-widget_type=\"elementskit-heading.default\">\n\t\t\t\t<div class=\"elementor-widget-container\">\n\t\t\t\t\t<div class=\"ekit-wid-con\" ><div class=\"ekit-heading elementskit-section-title-wraper text_left   ekit_heading_tablet-   ekit_heading_mobile-\"><h6 class=\"elementskit-section-subtitle  \">\n\t\t\t\t\t\tMeie asukoht\n\t\t\t\t\t<\/h6><h2 class=\"ekit-heading--title elementskit-section-title text_fill\">Plaanite k\u00fclastust?<br>  Kuidas te meid <span>saavutate<\/span>.<\/h2><\/div><\/div>\t\t\t\t<\/div>\n\t\t\t\t<\/div>\n\t\t\t\t<div class=\"elementor-element elementor-element-43bdc06a elementor-widget__width-initial animated-fast elementor-invisible elementor-widget elementor-widget-elementskit-heading\" data-id=\"43bdc06a\" data-element_type=\"widget\" data-e-type=\"widget\" data-settings=\"{&quot;_animation&quot;:&quot;fadeIn&quot;,&quot;_animation_delay&quot;:200}\" data-widget_type=\"elementskit-heading.default\">\n\t\t\t\t<div class=\"elementor-widget-container\">\n\t\t\t\t\t<div class=\"ekit-wid-con\" ><div class=\"ekit-heading elementskit-section-title-wraper text_left   ekit_heading_tablet-   ekit_heading_mobile-\"><h5 class=\"ekit-heading--title elementskit-section-title \">Aadress:<\/h5>\t\t\t\t<div class='ekit-heading__description'>\n\t\t\t\t\t<p>P\u00e4rnu mnt 105, Tallinn, 11312<\/p>\n\t\t\t\t<\/div>\n\t\t\t<\/div><\/div>\t\t\t\t<\/div>\n\t\t\t\t<\/div>\n\t\t\t\t<div class=\"elementor-element elementor-element-75242540 elementor-widget__width-initial animated-fast elementor-invisible elementor-widget elementor-widget-elementskit-heading\" data-id=\"75242540\" data-element_type=\"widget\" data-e-type=\"widget\" data-settings=\"{&quot;_animation&quot;:&quot;fadeIn&quot;,&quot;_animation_delay&quot;:300}\" data-widget_type=\"elementskit-heading.default\">\n\t\t\t\t<div class=\"elementor-widget-container\">\n\t\t\t\t\t<div class=\"ekit-wid-con\" ><div class=\"ekit-heading elementskit-section-title-wraper text_left   ekit_heading_tablet-   ekit_heading_mobile-\"><h5 class=\"ekit-heading--title elementskit-section-title \">T\u00f6\u00f6aeg:<\/h5>\t\t\t\t<div class='ekit-heading__description'>\n\t\t\t\t\t<p>Esmasp\u00e4ev - reede: 9:00 - 17:00<\/p>\n\t\t\t\t<\/div>\n\t\t\t<\/div><\/div>\t\t\t\t<\/div>\n\t\t\t\t<\/div>\n\t\t\t\t<\/div>\n\t\t<div class=\"elementor-element elementor-element-7555edc8 e-con-full e-flex e-con e-child\" data-id=\"7555edc8\" data-element_type=\"container\" data-e-type=\"container\">\n\t\t\t\t<\/div>\n\t\t\t\t<\/div>\n\t\t\t\t\t<\/div>\n\t\t\t\t<\/div>\n\t\t\t\t<\/div>\n\t\t","protected":false},"excerpt":{"rendered":"<p>V\u00f5ta meiega \u00fchendust V\u00f5ta meiega \u00fchendust ja me vastame teie p\u00e4ringutele esimesel v\u00f5imalusel. V\u00f5tke meiega \u00fchendust Kuidas me saame aidata? Kas teil on k\u00fcsimus ? T\u00e4itke allolev vorm ja me v\u00f5tame teiega \u00fchendust niipea kui v\u00f5imalik. Name Email address Message I agree to the Privacy Policy. Dalanta O\u00dc Reg nr: 14330221P\u00e4rnu mnt 10511312 TallinnEstonia Litsentsitud [&hellip;]<\/p>\n","protected":false},"author":1,"featured_media":0,"parent":0,"menu_order":0,"comment_status":"closed","ping_status":"closed","template":"","meta":{"footnotes":""},"class_list":["post-22847","page","type-page","status-publish","hentry"],"_links":{"self":[{"href":"https:\/\/addressinestonia.com\/et\/wp-json\/wp\/v2\/pages\/22847","targetHints":{"allow":["GET"]}}],"collection":[{"href":"https:\/\/addressinestonia.com\/et\/wp-json\/wp\/v2\/pages"}],"about":[{"href":"https:\/\/addressinestonia.com\/et\/wp-json\/wp\/v2\/types\/page"}],"author":[{"embeddable":true,"href":"https:\/\/addressinestonia.com\/et\/wp-json\/wp\/v2\/users\/1"}],"replies":[{"embeddable":true,"href":"https:\/\/addressinestonia.com\/et\/wp-json\/wp\/v2\/comments?post=22847"}],"version-history":[{"count":5,"href":"https:\/\/addressinestonia.com\/et\/wp-json\/wp\/v2\/pages\/22847\/revisions"}],"predecessor-version":[{"id":23472,"href":"https:\/\/addressinestonia.com\/et\/wp-json\/wp\/v2\/pages\/22847\/revisions\/23472"}],"wp:attachment":[{"href":"https:\/\/addressinestonia.com\/et\/wp-json\/wp\/v2\/media?parent=22847"}],"curies":[{"name":"wp","href":"https:\/\/api.w.org\/{rel}","templated":true}]}}